{"id":45123,"date":"2022-02-21T10:39:00","date_gmt":"2022-02-21T10:39:00","guid":{"rendered":"https:\/\/heroniacars.gr\/cookie-policy\/"},"modified":"2025-03-27T11:42:31","modified_gmt":"2025-03-27T11:42:31","slug":"cookie-policy","status":"publish","type":"page","link":"https:\/\/heroniacars.gr\/fr\/cookie-policy\/","title":{"rendered":"Politique de Cookies"},"content":{"rendered":"\t\t<div data-elementor-type=\"wp-post\" data-elementor-id=\"45123\" class=\"elementor elementor-45123 elementor-27124\" data-elementor-post-type=\"page\">\n\t\t\t\t\t\t<section class=\"has_eae_slider elementor-section elementor-top-section elementor-element elementor-element-c2a3bc8 elementor-section-full_width elementor-section-height-default elementor-section-height-default\" data-id=\"c2a3bc8\" data-element_type=\"section\" data-settings=\"{&quot;background_background&quot;:&quot;classic&quot;}\">\n\t\t\t\t\t\t\t<div class=\"elementor-background-overlay\"><\/div>\n\t\t\t\t\t\t\t<div class=\"elementor-container elementor-column-gap-custom\">\n\t\t\t\t\t<div class=\"has_eae_slider elementor-column elementor-col-100 elementor-top-column elementor-element elementor-element-26c71c5\" data-id=\"26c71c5\" data-element_type=\"column\">\n\t\t\t<div class=\"elementor-widget-wrap elementor-element-populated\">\n\t\t\t\t\t\t<div class=\"elementor-element elementor-element-160f693 elementor-invisible elementor-widget elementor-widget-heading\" data-id=\"160f693\" data-element_type=\"widget\" data-settings=\"{&quot;_animation&quot;:&quot;zoomIn&quot;}\" data-widget_type=\"heading.default\">\n\t\t\t\t<div class=\"elementor-widget-container\">\n\t\t\t\t\t<h1 class=\"elementor-heading-title elementor-size-default\">Politique De Cookies<\/h1>\t\t\t\t<\/div>\n\t\t\t\t<\/div>\n\t\t\t\t\t<\/div>\n\t\t<\/div>\n\t\t\t\t\t<\/div>\n\t\t<\/section>\n\t\t\t\t<section class=\"has_eae_slider elementor-section elementor-top-section elementor-element elementor-element-b87224d elementor-section-boxed elementor-section-height-default elementor-section-height-default\" data-id=\"b87224d\" data-element_type=\"section\" data-settings=\"{&quot;background_background&quot;:&quot;classic&quot;}\">\n\t\t\t\t\t\t<div class=\"elementor-container elementor-column-gap-no\">\n\t\t\t\t\t<div class=\"has_eae_slider elementor-column elementor-col-100 elementor-top-column elementor-element elementor-element-ae7738f\" data-id=\"ae7738f\" data-element_type=\"column\">\n\t\t\t<div class=\"elementor-widget-wrap elementor-element-populated\">\n\t\t\t\t\t\t<div class=\"elementor-element elementor-element-5d207aa elementor-invisible elementor-widget elementor-widget-heading\" data-id=\"5d207aa\" data-element_type=\"widget\" data-settings=\"{&quot;_animation&quot;:&quot;fadeIn&quot;}\" data-widget_type=\"heading.default\">\n\t\t\t\t<div class=\"elementor-widget-container\">\n\t\t\t\t\t<h2 class=\"elementor-heading-title elementor-size-default\">Heronia Car  Rentals Politique de cookies<\/h2>\t\t\t\t<\/div>\n\t\t\t\t<\/div>\n\t\t\t\t<div class=\"elementor-element elementor-element-8836225 elementor-widget elementor-widget-heading\" data-id=\"8836225\" data-element_type=\"widget\" data-widget_type=\"heading.default\">\n\t\t\t\t<div class=\"elementor-widget-container\">\n\t\t\t\t\t<h3 class=\"elementor-heading-title elementor-size-default\">Lire la politique de cookies<\/h3>\t\t\t\t<\/div>\n\t\t\t\t<\/div>\n\t\t\t\t<div class=\"elementor-element elementor-element-87ad782 elementor-widget elementor-widget-text-editor\" data-id=\"87ad782\" data-element_type=\"widget\" data-widget_type=\"text-editor.default\">\n\t\t\t\t<div class=\"elementor-widget-container\">\n\t\t\t\t\t\t\t\t\t<p>Nous utilisons des cookies pour un meilleur fonctionnement de notre site Web. D\u00e9couvrez ce que sont les cookies et la politique de cookies de notre site Web.<\/p>\t\t\t\t\t\t\t\t<\/div>\n\t\t\t\t<\/div>\n\t\t\t\t<section class=\"has_eae_slider elementor-section elementor-inner-section elementor-element elementor-element-2d069cc elementor-section-boxed elementor-section-height-default elementor-section-height-default\" data-id=\"2d069cc\" data-element_type=\"section\">\n\t\t\t\t\t\t<div class=\"elementor-container elementor-column-gap-default\">\n\t\t\t\t\t<div class=\"has_eae_slider elementor-column elementor-col-100 elementor-inner-column elementor-element elementor-element-30a423f\" data-id=\"30a423f\" data-element_type=\"column\">\n\t\t\t<div class=\"elementor-widget-wrap elementor-element-populated\">\n\t\t\t\t\t\t<div class=\"elementor-element elementor-element-63a0940 elementor-widget elementor-widget-text-editor\" data-id=\"63a0940\" data-element_type=\"widget\" data-widget_type=\"text-editor.default\">\n\t\t\t\t<div class=\"elementor-widget-container\">\n\t\t\t\t\t\t\t\t\t<p>Nous utilisons des cookies sur notre site Web pour g\u00e9rer les inscriptions, pour fournir des sites Web personnalis\u00e9s et pour personnaliser la publicit\u00e9 et d&rsquo;autres contenus afin de refl\u00e9ter vos besoins et int\u00e9r\u00eats particuliers. Les cookies peuvent \u00e9galement \u00eatre utilis\u00e9s pour compiler des statistiques globales anonymes qui nous permettent de comprendre comment le public utilise notre site Web et aident \u00e0 am\u00e9liorer sa structure et son contenu. Nous ne pouvons pas v\u00e9rifier votre identit\u00e9 personnelle \u00e0 partir de ces informations. Vous pouvez modifier les param\u00e8tres de votre navigateur pour rejeter tout ou partie des cookies, \u00e0 l&rsquo;exception des cookies absolument n\u00e9cessaires. Vous devez savoir que certaines fonctionnalit\u00e9s ne sont disponibles que par l&rsquo;utilisation de cookies et si vous choisissez de d\u00e9sactiver les cookies, ces fonctionnalit\u00e9s peuvent ne pas \u00eatre disponibles.<\/p><p><strong>Que sont les cookies?<br \/><\/strong>Les \u00abcookies\u00bb sont de petits morceaux de fichiers sous forme de texte, qui sont stock\u00e9s dans le navigateur de l&rsquo;utilisateur lors de la visite d&rsquo;un site Web. Les informations stock\u00e9es sur l&rsquo;ordinateur de l&rsquo;utilisateur peuvent contenir des informations telles que les pages visit\u00e9es par l&rsquo;utilisateur, la date et l&rsquo;heure de la visite ainsi qu&rsquo;un num\u00e9ro d&rsquo;identification de l&rsquo;utilisateur al\u00e9atoire et unique. Gr\u00e2ce \u00e0 cette utilisation, le Site est en mesure de stocker des informations utiles pour l&rsquo;Utilisateur naviguant sur le Site, ainsi que de lire ces informations pour offrir \u00e0 l&rsquo;Utilisateur une exp\u00e9rience de navigation unifi\u00e9e.<\/p><p>Il existe deux types de cookies diff\u00e9rents: Session et Persistant. Ils sont utilis\u00e9s pour diff\u00e9rentes choses et contiennent des informations diff\u00e9rentes<\/p><p>Les cookies de session contiennent des informations utilis\u00e9es dans la navigation actuelle de votre navigateur. Ces cookies sont automatiquement supprim\u00e9s lorsque vous fermez votre navigateur. Rien ne reste sur votre ordinateur apr\u00e8s avoir quitt\u00e9 le site.<\/p><p>Les cookies persistants sont utilis\u00e9s pour stocker les informations utilis\u00e9es entre les visites. Ces donn\u00e9es permettent aux sites de reconna\u00eetre que vous \u00eates un client qui revient sur le site et r\u00e9agit en cons\u00e9quence. Les cookies persistants ont une dur\u00e9e de vie d\u00e9finie par le site Web, qui peut aller de quelques minutes, voire plusieurs ann\u00e9es.<\/p><p><strong>Quels cookies utilisons-nous sur notre site Web?<br \/><\/strong>Les cookies que nous utilisons sont appel\u00e9s \u00ab\u00a0cookies persistants\u00a0\u00bb.<\/p><p>Les cookies persistants sont stock\u00e9s sous forme de fichiers sur votre ordinateur et y restent lorsque vous fermez le navigateur, sauf si vous les supprimez. Nous n&rsquo;utilisons pas de cookies pour extraire des informations sur votre trafic vers d&rsquo;autres sites Web, ou pour v\u00e9rifier des informations personnelles autres que celles que vous nous avez fournies volontairement. Les cookies ne corrompent ni n&rsquo;endommagent votre ordinateur, vos programmes ou vos fichiers. Dans tous les cas, les cookies facilitent le meilleur service et l&rsquo;exp\u00e9rience de l&rsquo;utilisateur lors de la visite du site Web de la soci\u00e9t\u00e9 et nous vous recommandons de les activer.<\/p><p>M\u00eame si vous choisissez de ne pas autoriser leur utilisation, vous pouvez toujours profiter de toutes les fonctionnalit\u00e9s de notre site Web. Mais ensuite, vous devez ressaisir certaines de vos donn\u00e9es \u00e0 chaque visite. Si vous autorisez le fonctionnement des cookies et que vous utilisez un ordinateur partag\u00e9, veuillez vous d\u00e9connecter \u00e0 la fin de votre visite.<\/p><p><strong>Cookies absolument n\u00e9cessaires<br \/><\/strong>Les cookies absolument n\u00e9cessaires sont indispensables au bon fonctionnement du site, ils vous permettent de naviguer et d&rsquo;utiliser ses fonctions, telles que l&rsquo;acc\u00e8s \u00e0 des zones s\u00fbres ou l&rsquo;utilisation du panier. Ces cookies ne reconnaissent pas votre identit\u00e9 personnelle. Sans ces cookies, nous ne pouvons pas offrir un fonctionnement efficace de notre site Web.<\/p><p><strong>Cookies de performance<br \/><\/strong>Ces cookies collectent des informations sur la mani\u00e8re dont les visiteurs utilisent le site Web, par exemple, les pages qu&rsquo;ils visitent le plus souvent et s&rsquo;ils re\u00e7oivent des messages d&rsquo;erreur de sites Web. Ces cookies collectent des informations agr\u00e9g\u00e9es et anonymes qui n&rsquo;identifient pas un visiteur. Ils sont utilis\u00e9s exclusivement pour am\u00e9liorer les performances d&rsquo;un site Web<\/p><p><strong>Cookies pour tiers<br \/><\/strong>Ces cookies sont plac\u00e9s par nos partenaires en notre nom. Avec ces cookies, ils collectent des donn\u00e9es sur les performances de nos publicit\u00e9s et votre interaction avec notre site Web. Ces donn\u00e9es peuvent \u00eatre utilis\u00e9es par nos affili\u00e9s pour tirer des conclusions statistiques et am\u00e9liorer votre exp\u00e9rience publicitaire en tant que visiteur.<\/p><p><strong>Cookies de fonctionnalit\u00e9<br \/><\/strong>Ces cookies permettent au site Web de se souvenir des choix de l&rsquo;utilisateur tels que le nom d&rsquo;utilisateur, la langue ou la r\u00e9gion pour fournir des fonctionnalit\u00e9s am\u00e9lior\u00e9es et personnalis\u00e9es. Ils peuvent \u00e9galement \u00eatre utilis\u00e9s pour fournir des services demand\u00e9s par les utilisateurs, tels que la visualisation de vid\u00e9os ou l&rsquo;utilisation des m\u00e9dias sociaux. Les informations collect\u00e9es par ces cookies peuvent \u00eatre anonymes et il ne leur est pas possible de surveiller l&rsquo;activit\u00e9 de navigation sur d&rsquo;autres sites Web. Si vous n&rsquo;acceptez pas ces cookies, les performances et les fonctionnalit\u00e9s du site Web peuvent \u00eatre affect\u00e9es et votre acc\u00e8s \u00e0 son contenu peut \u00eatre restreint.<\/p><p><strong>Cookies d&rsquo;analyse<br \/><\/strong>Ces cookies collectent des informations sur votre comportement de navigation sur notre site Web, telles que les pages de notre site Web qui sont fr\u00e9quemment visit\u00e9es et si vous recevez des messages d&rsquo;erreur. Gr\u00e2ce \u00e0 cela, nous sommes en mesure de rendre la structure, la navigation et le contenu du site aussi conviviaux que possible. Nous n&rsquo;associons pas les statistiques et autres donn\u00e9es de rapport avec des individus individuels.<\/p><p>Nous utilisons ces cookies pour:<\/p><ul><li>L&rsquo;enregistrement du nombre de visiteurs sur nos sites Web<\/li><li>L&rsquo;enregistrement de la dur\u00e9e de chaque visite sur nos sites Web<\/li><li>D\u00e9terminer la s\u00e9quence \/ l&rsquo;ordre dans lequel vous visitez les diff\u00e9rentes pages de notre site<\/li><li>\u00c9valuer les points du site \u00e0 am\u00e9liorer<\/li><li>Optimisation du site Web<\/li><\/ul><p>Nous pouvons utiliser des logiciels tels que Google Analytics pour analyser l&rsquo;utilisation des pages, les interactions des pages et les chemins sur nos sites. Celles-ci sont connues sous le nom de \u00abmesures du site Web\u00bb ou \u00abanalytiques\u00bb. Google Analytics est un service d&rsquo;analyse en ligne propos\u00e9 par Google Inc. (Google). Google Analytics utilise des cookies pour analyser l&rsquo;utilisation du site par les utilisateurs. Google utilise des statistiques agr\u00e9g\u00e9es pour donner \u00e0 \u00e0 notre soci\u00e9t\u00e9 une id\u00e9e de la fa\u00e7on dont les utilisateurs utilisent le site.<\/p><p>Les cookies d&rsquo;analyse Web, de nos partenaires Google et Adobe, nous permettent \u00e9galement de surveiller l&rsquo;interaction des clients au sein de notre site Web. Cela nous donne des informations pr\u00e9cieuses qui nous permettent d&rsquo;am\u00e9liorer le site Web, les produits et les services que nous proposons.<\/p><p>Google ne peut fournir ces informations \u00e0 des tiers que si la loi l&rsquo;exige.<\/p><p><strong>Cookies de ciblage \/ publicitaires<br \/><\/strong>Ces cookies sont utilis\u00e9s sur notre site Web pour fournir le contenu qui convient le mieux \u00e0 vous et \u00e0 vos int\u00e9r\u00eats. Ils peuvent \u00eatre utilis\u00e9s pour envoyer des publicit\u00e9s \/ ench\u00e8res cibl\u00e9es, limiter les impressions d&rsquo;annonces ou mesurer l&rsquo;efficacit\u00e9 de notre campagne publicitaire. Ces cookies peuvent \u00eatre utilis\u00e9s pour m\u00e9moriser les sites Web que vous avez visit\u00e9s afin de d\u00e9terminer les canaux de marketing en ligne les plus efficaces et nous permettent de r\u00e9compenser les sites Web externes et les affili\u00e9s qui vous ont r\u00e9f\u00e9r\u00e9.<\/p><p><strong>Gestion du trafic du site Web<br \/><\/strong>Les programmes de gestion du trafic sur notre site sont utilis\u00e9s pour d\u00e9tecter les probl\u00e8mes techniques pouvant survenir lors de votre navigation sur le site. Sur la base des informations que nous collectons via ces programmes, nous corrigeons les erreurs et probl\u00e8mes techniques et am\u00e9liorons en permanence les services propos\u00e9s sur le site Web, afin de r\u00e9pondre aux besoins personnels de l&rsquo;utilisateur.<\/p><p><strong>Cookies de r\u00e9seaux sociaux.<br \/><\/strong>Ces cookies sont n\u00e9cessaires \u00e0 la connexion de votre compte dans les r\u00e9seaux sociaux avec notre site Internet. Par exemple, pour vous permettre de republier et de partager avec vos amis des informations sur les r\u00e9seaux sociaux sur notre site ou pour indiquer que vous souhaitez suivre notre page de r\u00e9seaux sociaux. Les cookies de r\u00e9seaux sociaux ne sont pas n\u00e9cessaires pour votre navigation sur notre site Web.<\/p><p><strong>Comment v\u00e9rifier les cookies?<br \/><\/strong>Il est \u00e0 votre discr\u00e9tion de r\u00e9voquer, quand vous le souhaitez, votre consentement ou de vous opposer \u00e0 l&rsquo;utilisation de cookies par notre site Web sur votre ordinateur ou appareil, ainsi que de v\u00e9rifier et \/ ou de supprimer les cookies.<\/p><p>Vous pouvez modifier vos pr\u00e9f\u00e9rences personnelles en param\u00e9trant correctement le navigateur utilis\u00e9, permettant soit l&rsquo;acceptation de certains types de cookies uniquement ou le refus de les utiliser<\/p><p>Vous pouvez supprimer les cookies de l&rsquo;ordinateur ou de l&rsquo;appareil que vous utilisez, quand vous le souhaitez en suivant le chemin pour les supprimer de la m\u00e9moire du navigateur que vous utilisez<\/p><p>Vous pouvez \u00e9galement configurer le navigateur que vous utilisez de mani\u00e8re \u00e0 ce qu&rsquo;il vous avertisse de l&rsquo;utilisation de cookies dans certains services des pages Web sur lesquelles vous naviguez ou n&rsquo;autorise en aucun cas l&rsquo;acceptation de l&rsquo;utilisation de cookies.<\/p><p><strong>Quels sont vos droits?<br \/><\/strong>Vous avez les droits suivants:<\/p><ul><li>Acc\u00e8s \u00e0 vos donn\u00e9es<\/li><li>Corriger ou de supprimer vos donn\u00e9es<\/li><li>Portabilit\u00e9 de vos donn\u00e9es<\/li><li>Restreindre le traitement de vos donn\u00e9es<\/li><li>S&rsquo;opposer au traitement de vos donn\u00e9es<\/li><li>Retrait de votre consentement pour l&rsquo;utilisation de tout ou partie des cookies et par cons\u00e9quent pour le traitement de vos donn\u00e9es.<\/li><\/ul><p>Pour exercer vos droits ci-dessus dans \u00e0 notre soci\u00e9t\u00e9, vous pouvez soumettre votre demande au si\u00e8ge \u00e0 l&rsquo;adresse postale ou \u00e9lectronique de notre soci\u00e9t\u00e9, ainsi que soumettre, au cas o\u00f9 vous consid\u00e9rez que le traitement de votre data enfreint la loi applicable pour la protection des donn\u00e9es personnelles, plainte aupr\u00e8s de l&rsquo;Autorit\u00e9 de protection des donn\u00e9es personnelles (adresse postale 1-3 Kifissias, PC 115 23, Ath\u00e8nes, t\u00e9l. 210. 6475600, adresse e-mail contact@dpa.gr).<\/p><p>Si vous souhaitez nous contacter concernant des probl\u00e8mes li\u00e9s au traitement de vos donn\u00e9es personnelles et \u00e0 l&rsquo;exercice de vos droits, vous pouvez contacter le d\u00e9l\u00e9gu\u00e9 \u00e0 la protection des donn\u00e9es (DPO) de notre soci\u00e9t\u00e9 par e-mail.<\/p><p><strong>O\u00f9 pouvez-vous trouver plus d&rsquo;informations sur la protection des donn\u00e9es personnelles collect\u00e9es par les cookies?<br \/><\/strong>Vous trouverez des informations sur la protection de vos donn\u00e9es personnelles, mais \u00e9galement sur vos droits dans la politique de confidentialit\u00e9.<\/p><p><strong>O\u00f9 pouvez-vous trouver plus d&rsquo;informations sur l&rsquo;utilisation g\u00e9n\u00e9rale des cookies?<br \/><\/strong>Vous trouverez plus d&rsquo;informations sur l&rsquo;utilisation g\u00e9n\u00e9rale des cookies, ainsi que sur les m\u00e9thodes de blocage ou de restriction de ceux-ci sur http:\/\/cookiepedia.co.uk\/all-about-cookies et http:\/\/www.allaboutcookies.org\/<\/p><p><strong>Modifications de la politique de cookies.<br \/><\/strong>Cette politique de cookies est sujette \u00e0 modification \u00e0 tout moment. Pour cette raison, nous jugeons opportun de se r\u00e9f\u00e9rer r\u00e9guli\u00e8rement \u00e0 cette Politique. Celui-ci est entr\u00e9 en vigueur le 22\/11\/2019. En cas de modification, la date \u00e0 laquelle elle a eu lieu sera indiqu\u00e9e. La politique de cookies est toujours consid\u00e9r\u00e9e comme valide, telle que formul\u00e9e par la modification la plus r\u00e9cente.<\/p>\t\t\t\t\t\t\t\t<\/div>\n\t\t\t\t<\/div>\n\t\t\t\t\t<\/div>\n\t\t<\/div>\n\t\t\t\t\t<\/div>\n\t\t<\/section>\n\t\t\t\t\t<\/div>\n\t\t<\/div>\n\t\t\t\t\t<\/div>\n\t\t<\/section>\n\t\t\t\t<\/div>\n\t\t","protected":false},"excerpt":{"rendered":"<p>Politique De Cookies Heronia Car Rentals Politique de cookies Lire la politique de cookies Nous utilisons des cookies pour un meilleur fonctionnement de notre site Web. D\u00e9couvrez ce que sont les cookies et la politique de cookies de notre site Web. Nous utilisons des cookies sur notre site Web pour g\u00e9rer les inscriptions, pour fournir [&hellip;]<\/p>\n","protected":false},"author":1,"featured_media":0,"parent":0,"menu_order":0,"comment_status":"closed","ping_status":"closed","template":"","meta":{"site-sidebar-layout":"no-sidebar","site-content-layout":"page-builder","ast-site-content-layout":"full-width-container","site-content-style":"unboxed","site-sidebar-style":"unboxed","ast-global-header-display":"","ast-banner-title-visibility":"","ast-main-header-display":"","ast-hfb-above-header-display":"","ast-hfb-below-header-display":"","ast-hfb-mobile-header-display":"","site-post-title":"disabled","ast-breadcrumbs-content":"","ast-featured-img":"disabled","footer-sml-layout":"","theme-transparent-header-meta":"enabled","adv-header-id-meta":"","stick-header-meta":"","header-above-stick-meta":"","header-main-stick-meta":"","header-below-stick-meta":"","astra-migrate-meta-layouts":"set","ast-page-background-enabled":"default","ast-page-background-meta":{"desktop":{"background-color":"","background-image":"","background-repeat":"repeat","background-position":"center center","background-size":"auto","background-attachment":"scroll","background-type":"","background-media":"","overlay-type":"","overlay-color":"","overlay-opacity":"","overlay-gradient":""},"tablet":{"background-color":"","background-image":"","background-repeat":"repeat","background-position":"center center","background-size":"auto","background-attachment":"scroll","background-type":"","background-media":"","overlay-type":"","overlay-color":"","overlay-opacity":"","overlay-gradient":""},"mobile":{"background-color":"","background-image":"","background-repeat":"repeat","background-position":"center center","background-size":"auto","background-attachment":"scroll","background-type":"","background-media":"","overlay-type":"","overlay-color":"","overlay-opacity":"","overlay-gradient":""}},"ast-content-background-meta":{"desktop":{"background-color":"var(--ast-global-color-5)","background-image":"","background-repeat":"repeat","background-position":"center center","background-size":"auto","background-attachment":"scroll","background-type":"","background-media":"","overlay-type":"","overlay-color":"","overlay-opacity":"","overlay-gradient":""},"tablet":{"background-color":"var(--ast-global-color-5)","background-image":"","background-repeat":"repeat","background-position":"center center","background-size":"auto","background-attachment":"scroll","background-type":"","background-media":"","overlay-type":"","overlay-color":"","overlay-opacity":"","overlay-gradient":""},"mobile":{"background-color":"var(--ast-global-color-5)","background-image":"","background-repeat":"repeat","background-position":"center center","background-size":"auto","background-attachment":"scroll","background-type":"","background-media":"","overlay-type":"","overlay-color":"","overlay-opacity":"","overlay-gradient":""}},"footnotes":""},"class_list":["post-45123","page","type-page","status-publish","hentry"],"_links":{"self":[{"href":"https:\/\/heroniacars.gr\/fr\/wp-json\/wp\/v2\/pages\/45123","targetHints":{"allow":["GET"]}}],"collection":[{"href":"https:\/\/heroniacars.gr\/fr\/wp-json\/wp\/v2\/pages"}],"about":[{"href":"https:\/\/heroniacars.gr\/fr\/wp-json\/wp\/v2\/types\/page"}],"author":[{"embeddable":true,"href":"https:\/\/heroniacars.gr\/fr\/wp-json\/wp\/v2\/users\/1"}],"replies":[{"embeddable":true,"href":"https:\/\/heroniacars.gr\/fr\/wp-json\/wp\/v2\/comments?post=45123"}],"version-history":[{"count":24,"href":"https:\/\/heroniacars.gr\/fr\/wp-json\/wp\/v2\/pages\/45123\/revisions"}],"predecessor-version":[{"id":45275,"href":"https:\/\/heroniacars.gr\/fr\/wp-json\/wp\/v2\/pages\/45123\/revisions\/45275"}],"wp:attachment":[{"href":"https:\/\/heroniacars.gr\/fr\/wp-json\/wp\/v2\/media?parent=45123"}],"curies":[{"name":"wp","href":"https:\/\/api.w.org\/{rel}","templated":true}]}}