{"id":45474,"date":"2017-09-14T10:44:01","date_gmt":"2017-09-14T10:44:01","guid":{"rendered":"https:\/\/heroniacars.gr\/rental-policy\/"},"modified":"2025-04-05T10:56:43","modified_gmt":"2025-04-05T10:56:43","slug":"rental-policy","status":"publish","type":"page","link":"https:\/\/heroniacars.gr\/fr\/rental-policy\/","title":{"rendered":"Conditions De Location"},"content":{"rendered":"\t\t<div data-elementor-type=\"wp-post\" data-elementor-id=\"45474\" class=\"elementor elementor-45474 elementor-25074\" data-elementor-post-type=\"page\">\n\t\t\t\t\t\t<section class=\"has_eae_slider elementor-section elementor-top-section elementor-element elementor-element-6a80d31 elementor-section-boxed elementor-section-height-default elementor-section-height-default\" data-id=\"6a80d31\" data-element_type=\"section\" data-settings=\"{&quot;background_background&quot;:&quot;classic&quot;}\">\n\t\t\t\t\t\t\t<div class=\"elementor-background-overlay\"><\/div>\n\t\t\t\t\t\t\t<div class=\"elementor-container elementor-column-gap-no\">\n\t\t\t\t\t<div class=\"has_eae_slider elementor-column elementor-col-100 elementor-top-column elementor-element elementor-element-61357e8\" data-id=\"61357e8\" data-element_type=\"column\">\n\t\t\t<div class=\"elementor-widget-wrap elementor-element-populated\">\n\t\t\t\t\t\t<div class=\"elementor-element elementor-element-7f6f690 elementor-invisible elementor-widget elementor-widget-heading\" data-id=\"7f6f690\" data-element_type=\"widget\" data-settings=\"{&quot;_animation&quot;:&quot;zoomIn&quot;}\" data-widget_type=\"heading.default\">\n\t\t\t\t<div class=\"elementor-widget-container\">\n\t\t\t\t\t<h1 class=\"elementor-heading-title elementor-size-default\">Condition de location<\/h1>\t\t\t\t<\/div>\n\t\t\t\t<\/div>\n\t\t\t\t\t<\/div>\n\t\t<\/div>\n\t\t\t\t\t<\/div>\n\t\t<\/section>\n\t\t\t\t<section class=\"has_eae_slider elementor-section elementor-top-section elementor-element elementor-element-8a79e46 elementor-section-boxed elementor-section-height-default elementor-section-height-default\" data-id=\"8a79e46\" data-element_type=\"section\" data-settings=\"{&quot;background_background&quot;:&quot;classic&quot;}\">\n\t\t\t\t\t\t<div class=\"elementor-container elementor-column-gap-no\">\n\t\t\t\t\t<div class=\"has_eae_slider elementor-column elementor-col-100 elementor-top-column elementor-element elementor-element-f819d5f\" data-id=\"f819d5f\" data-element_type=\"column\">\n\t\t\t<div class=\"elementor-widget-wrap elementor-element-populated\">\n\t\t\t\t\t\t<div class=\"elementor-element elementor-element-f4be610 elementor-invisible elementor-widget elementor-widget-heading\" data-id=\"f4be610\" data-element_type=\"widget\" data-settings=\"{&quot;_animation&quot;:&quot;fadeIn&quot;}\" data-widget_type=\"heading.default\">\n\t\t\t\t<div class=\"elementor-widget-container\">\n\t\t\t\t\t<h2 class=\"elementor-heading-title elementor-size-default\">Conditions g\u00e9n\u00e9rales de location de voitures Heronia<\/h2>\t\t\t\t<\/div>\n\t\t\t\t<\/div>\n\t\t\t\t<div class=\"elementor-element elementor-element-42f2531 elementor-widget elementor-widget-heading\" data-id=\"42f2531\" data-element_type=\"widget\" data-widget_type=\"heading.default\">\n\t\t\t\t<div class=\"elementor-widget-container\">\n\t\t\t\t\t<h3 class=\"elementor-heading-title elementor-size-default\">Consignes claires pour une location fluide<\/h3>\t\t\t\t<\/div>\n\t\t\t\t<\/div>\n\t\t\t\t<div class=\"elementor-element elementor-element-e70203d elementor-widget elementor-widget-text-editor\" data-id=\"e70203d\" data-element_type=\"widget\" data-widget_type=\"text-editor.default\">\n\t\t\t\t<div class=\"elementor-widget-container\">\n\t\t\t\t\t\t\t\t\t<p>Consultez les conditions g\u00e9n\u00e9rales de location de voitures aupr\u00e8s de notre agence.<\/p>\t\t\t\t\t\t\t\t<\/div>\n\t\t\t\t<\/div>\n\t\t\t\t<div class=\"elementor-element elementor-element-e9dd831 elementor-widget elementor-widget-text-editor\" data-id=\"e9dd831\" data-element_type=\"widget\" data-widget_type=\"text-editor.default\">\n\t\t\t\t<div class=\"elementor-widget-container\">\n\t\t\t\t\t\t\t\t\t<p><strong>Nos tarifs incluent :\u00a0\u00a0<\/strong><\/p><ul><li>Assurance responsabilit\u00e9 civile (dommages corporels caus\u00e9s \u00e0 des tiers, dommages mat\u00e9riels caus\u00e9s \u00e0 des tiers, dommages mat\u00e9riels caus\u00e9s par un v\u00e9hicule non assur\u00e9)<\/li><li>Assurance CDW avec franchise incluant\u00a0:<\/li><li>Assurance vol<\/li><li>Assurance incendie<\/li><li>Services de prise en charge et de d\u00e9pose gratuits \u00e0 l&rsquo;a\u00e9roport d&rsquo;H\u00e9raklion<\/li><li>Kilom\u00e9trage illimit\u00e9<\/li><li>Assistance routi\u00e8re 24h\/24 et 7j\/7<\/li><li>Service t\u00e9l\u00e9phonique 24h\/24<\/li><li>Carte routi\u00e8re gratuite<\/li><li>Taxes et TVA incluses<\/li><\/ul><p><strong>Documents requis\u00a0:<\/strong><\/p><ul><li>Permis de conduire valide pour tous les conducteurs declares<\/li><li>Permis de conduire international si n\u00e9cessaire (veuillez lire le paragraphe \u00ab\u00a0Permis de conduire\u00a0\u00bb ci-dessous)<\/li><li>Passeport ou carte d&rsquo;identit\u00e9 nationale pour tous les conducteurs declares<\/li><li>Carte de cr\u00e9dit ou de d\u00e9bit au nom du conducteur comme garantie.<\/li><\/ul><p><strong>Montants de la garantie \u2013 Caution pour tous les v\u00e9hicules\u00a0:<\/strong><br \/>Le montant de la caution d\u00e9pend de la formule d&rsquo;assurance choisie. Lors de la prise en charge du v\u00e9hicule, le conducteur doit \u00eatre en possession d&rsquo;une carte de cr\u00e9dit ou de d\u00e9bit, qui servira de caution. Le montant de la caution sera pr\u00e9lev\u00e9 sur cette carte. Ce montant ne sera plus imm\u00e9diatement disponible sur votre carte. Il sera restitu\u00e9 int\u00e9gralement \u00e0 la fin de la location, sauf frais suppl\u00e9mentaires. Le d\u00e9lai de d\u00e9blocage d\u00e9pend de la banque \u00e9mettrice de la carte et non de notre soci\u00e9t\u00e9. Nous d\u00e9bloquons la caution imm\u00e9diatement \u00e0 la fin de la location.<br \/><strong>Vous pouvez \u00e9galement utiliser des esp\u00e8ces pour le d\u00e9p\u00f4t de garantie.<\/strong><\/p><p><strong>ASSURANCES<\/strong><\/p><p><strong>Assurance mixte CDW (Collision Damage Waiver) avec franchise.<\/strong><\/p><p>Nos tarifs incluent l&rsquo;assurance CDW avec franchise selon la cat\u00e9gorie du v\u00e9hicule :<br \/>1. Pour les cat\u00e9gories B, C et E, franchise\u00a0: 700\u00a0\u20ac<br \/>2. Pour les cat\u00e9gories C1, D et D1, franchise\u00a0: 800\u00a0\u20ac<br \/>3. Pour les cat\u00e9gories F, F+ et F1, franchise\u00a0: 900\u00a0\u20ac<br \/>4. Pour les cat\u00e9gories E1, F2, F3 et F4, franchise\u00a0: 1\u00a0000\u00a0\u20ac<br \/>5. Pour les cat\u00e9gories G1, H et E2, franchise\u00a0: 1\u00a0100\u00a0\u20ac<br \/>6. Pour les cat\u00e9gories E3, G2, G3 et H1, franchise\u00a0: 1\u00a0200\u00a0\u20ac<br \/>7. Pour les cat\u00e9gories H2 et H3, franchise\u00a0: 1\u00a0300\u00a0\u20ac<\/p><p>Cette assurance limite la responsabilit\u00e9 du locataire en cas de dommages au v\u00e9hicule \u00e0 hauteur de la franchise. Ce forfait d&rsquo;assurance comprend \u00e9galement\u00a0:<br \/>Une assurance responsabilit\u00e9 civile (dommages corporels caus\u00e9s \u00e0 des tiers, dommages mat\u00e9riels caus\u00e9s \u00e0 des tiers, dommages mat\u00e9riels caus\u00e9s par un v\u00e9hicule non assur\u00e9)<\/p><p>Une assurance vol et une assurance incendie.<\/p><p><strong>Assurance compl\u00e9mentaire<\/strong><\/p><p>Assurance tous risques F.D.W. (Fonte compl\u00e8te contre les dommages) avec franchise nulle (0)\u00a0RECOMMAND\u00c9\u00a0:<\/p><p>Le locataire peut \u00eatre enti\u00e8rement exon\u00e9r\u00e9 des franchises CDW susmentionn\u00e9es en souscrivant une prime d&rsquo;assurance journali\u00e8re abordable.<br \/>Tous les d\u00e9tails de la r\u00e9servation (en ligne ou par t\u00e9l\u00e9phone) doivent \u00eatre valides. Notre agence se r\u00e9serve le droit de refuser la location si les d\u00e9tails de la r\u00e9servation ne sont pas valides.<\/p><p><strong>\u00c2ge du conducteur\u00a0:<\/strong><br \/>Les conducteurs doivent \u00eatre \u00e2g\u00e9s de 21 \u00e0 75\u00a0ans. Pour les cat\u00e9gories E2, E3, F2, F3, F4, G2, G3, H2, H3, ils doivent \u00eatre \u00e2g\u00e9s de 25\u00a0ans.<\/p><p><strong>Permis de conduire :<\/strong><br \/>Le permis de conduire doit \u00eatre d\u00e9livr\u00e9 au moins un an avant la date de prise en charge.<br \/>Les permis de conduire nationaux d\u00e9livr\u00e9s dans l&rsquo;UE sont accept\u00e9s.<br \/>Les citoyens de tous les autres pays doivent \u00eatre titulaires d&rsquo;un permis de conduire international valide en plus de leur permis de conduire habituel.<\/p><p><strong>R\u00e9servations et cat\u00e9gories de v\u00e9hicules\u00a0:<\/strong><br \/>Toutes les r\u00e9servations sont bas\u00e9es sur des cat\u00e9gories de v\u00e9hicules et non sur un mod\u00e8le sp\u00e9cifique. Nous nous effor\u00e7ons d&rsquo;attribuer \u00e0 chaque r\u00e9servation le mod\u00e8le de v\u00e9hicule choisi. Cependant, si le mod\u00e8le choisi n&rsquo;est plus disponible, notre entreprise se r\u00e9serve le droit de proposer un mod\u00e8le similaire. Un mod\u00e8le similaire sera un v\u00e9hicule de la m\u00eame cat\u00e9gorie que le mod\u00e8le choisi. Nous nous r\u00e9servons \u00e9galement le droit de proposer un mod\u00e8le d&rsquo;une cat\u00e9gorie sup\u00e9rieure sans suppl\u00e9ment (surclassement gratuit).<\/p><p><strong>Dur\u00e9e de r\u00e9servation, tarif minimum de location\u00a0:<\/strong><br \/>La dur\u00e9e minimale de r\u00e9servation est de quelques heures et la dur\u00e9e maximale de 30 jours. Selon la saison, les disponibilit\u00e9s et le lieu de prise en charge, la dur\u00e9e minimale de r\u00e9servation peut varier.<br \/>Le tarif minimum de location est d&rsquo;une journ\u00e9e.<br \/>Si vous souhaitez louer un v\u00e9hicule pour plus de 30 jours, veuillez nous contacter pour obtenir un devis, car le contrat de location est renouvelable tous les 30 jours.<br \/>Si le locataire souhaite conserver le v\u00e9hicule au-del\u00e0 de la p\u00e9riode convenue, il doit nous contacter au moins deux jours avant la date de restitution du v\u00e9hicule convenue et demander une prolongation. En fonction des disponibilit\u00e9s, notre entreprise pourra approuver ou non la prolongation. Une prolongation de location ne sera valable que si les modifications s&rsquo;appliquent au contrat de location.<\/p><p><strong>Prolongation de location\u00a0:<\/strong><br \/>Si le locataire souhaite prolonger la p\u00e9riode de location, il doit contacter notre agence dans les plus brefs d\u00e9lais. Si la disponibilit\u00e9 le permet, la prolongation sera indiqu\u00e9e sur le contrat de location, accompagn\u00e9e des frais correspondants.<br \/>En cas d&rsquo;indisponibilit\u00e9, le locataire doit restituer le v\u00e9hicule \u00e0 la date et \u00e0 l&rsquo;heure convenues.<\/p><p><strong>Options de paiement\u00a0:<\/strong><br \/>Le paiement peut \u00eatre effectu\u00e9 lors de la prise en charge du v\u00e9hicule en esp\u00e8ces, par carte de cr\u00e9dit, de d\u00e9bit ou pr\u00e9pay\u00e9e. Nous acceptons les cartes Visa, Mastercard, Maestro, Diners Club, Discover et American Express.<\/p><p><strong>Conditions d&rsquo;annulation\u00a0:<\/strong><br \/>Pour annuler une r\u00e9servation, la seule m\u00e9thode acceptable est d&rsquo;envoyer un e-mail et de recevoir un e-mail de notre agence confirmant la r\u00e9ception de votre e-mail.<br \/>Si l&rsquo;annulation est effectu\u00e9e au moins 3\u00a0jours avant le d\u00e9but de la location, l&rsquo;int\u00e9gralit\u00e9 de l&rsquo;acompte sera rembours\u00e9e.<br \/>En cas d&rsquo;annulation re\u00e7ue moins de 3\u00a0jours et jusqu&rsquo;\u00e0 1\u00a0jour avant le d\u00e9but de la location, des frais de 40\u00a0% de l&rsquo;acompte seront appliqu\u00e9s.<\/p><p><strong>Politique de non-pr\u00e9sentation\u00a0:<\/strong><br \/>Si le locataire ne r\u00e9cup\u00e8re pas le v\u00e9hicule dans les deux heures suivant la date et l&rsquo;heure de d\u00e9but de location convenues sans pr\u00e9avis \u00e9crit, la r\u00e9servation pourra \u00eatre automatiquement annul\u00e9e et le montant total de l&rsquo;acompte sera pr\u00e9lev\u00e9.<\/p><p><strong>Retards de restitution\u00a0:<\/strong><br \/>En basse et moyenne saison, un retard de 2\u00a0heures maximum ne sera pas factur\u00e9. En haute saison, le retard maximum accept\u00e9 sans frais suppl\u00e9mentaires est de 30\u00a0minutes. Au-del\u00e0 de 30\u00a0minutes, une journ\u00e9e de location suppl\u00e9mentaire sera factur\u00e9e au client, conform\u00e9ment \u00e0 la politique tarifaire de notre agence en haute saison.<\/p><p><strong>Politique carburant\u00a0:<\/strong><br \/>Le locataire doit restituer le v\u00e9hicule avec le m\u00eame niveau de carburant qu&rsquo;\u00e0 la livraison. Si le locataire restitue le v\u00e9hicule avec un niveau de carburant inf\u00e9rieur \u00e0 celui \u00e0 la livraison, la diff\u00e9rence de carburant, plus des frais de ravitaillement de 15\u00a0euros, lui seront factur\u00e9s. Aucun remboursement ne sera effectu\u00e9 si le locataire restitue le v\u00e9hicule avec un niveau de carburant sup\u00e9rieur \u00e0 celui \u00e0 la livraison.<\/p><p><strong>Amendes de circulation ou autres sanctions administratives\u00a0:<\/strong><br \/>Le locataire doit payer les amendes de circulation, sous peine de sanctions administratives en cas d&rsquo;infraction au Code de la route grec. Le locataire peut r\u00e9gler les amendes en esp\u00e8ces ou par carte de cr\u00e9dit. Si une amende est exig\u00e9e apr\u00e8s la p\u00e9riode de location, notre agence d\u00e9bitera la carte de cr\u00e9dit du locataire du montant correspondant.<\/p><p><strong>Accident :<br \/><\/strong>En cas d&rsquo;accident de la circulation, le locataire doit imm\u00e9diatement pr\u00e9venir notre agence et la police. La police constatera l&rsquo;accident et le locataire devra prendre des photos. Le locataire doit fournir \u00e0 notre agence une copie du rapport de police.<\/p><p><strong>Si\u00e8ges b\u00e9b\u00e9, enfant et rehausseurs\u00a0:<\/strong><\/p><p>Nous proposons trois types de si\u00e8ges auto\u00a0:<\/p><ul><li>Si\u00e8ge b\u00e9b\u00e9\u00a0: 0\u00a0\u2013\u00a08\u00a0kg, jusqu\u2019\u00e0 12\u00a0mois (nacelle)<\/li><li>Si\u00e8ge b\u00e9b\u00e9\u00a0: 8\u00a0\u2013\u00a018\u00a0kg<\/li><li>Si\u00e8ge rehausseur\u00a0: 18\u00a0\u2013\u00a036\u00a0kg<\/li><\/ul><p>Des si\u00e8ges auto sont disponibles sur demande et sous r\u00e9serve de disponibilit\u00e9. Le tarif pour tous les types de si\u00e8ges est de 3\u00a0\u20ac par jour.<\/p><p><strong>Conducteurs suppl\u00e9mentaires\u00a0:<\/strong><br \/>Le premier conducteur (principal) est gratuit. Si vous avez besoin de conducteurs suppl\u00e9mentaires, le tarif est de 3\u00a0\u20ac par jour et par conducteur.<\/p><p><strong>GPS\u00a0:<\/strong><br \/>Nous proposons des GPS modernes avec les derni\u00e8res mises \u00e0 jour cartographiques en grec pour faciliter la recherche de destination. Gagnez du temps gr\u00e2ce \u00e0 notre service. Le tarif journalier est de 8\u00a0\u20ac.<\/p><p><strong>Transport de la voiture\u00a0:<\/strong><br \/>Interdit.<\/p><p><strong>Ce qui n&rsquo;est pas couvert par aucune assurance\u00a0:<\/strong><\/p><ul><li>Dommages caus\u00e9s par un conducteur sous l&rsquo;influence de drogues ou d&rsquo;alcool<\/li><li>Dommages caus\u00e9s par un conducteur non autoris\u00e9<\/li><li>Dommages \u00e0 l&rsquo;int\u00e9rieur du v\u00e9hicule<\/li><li>Dommages caus\u00e9s par un stationnement ill\u00e9gal<\/li><li>Dommages dus \u00e0 une infraction au code de la route<\/li><li>Dommages dus \u00e0 une conduite inappropri\u00e9e, \u00e0 une n\u00e9gligence ou intentionnelle<\/li><li>Dommages au moteur caus\u00e9s par un carburant inappropri\u00e9 ou une n\u00e9gligence<\/li><li>Dommages caus\u00e9s par une utilisation hors route ou sur des routes non appropri\u00e9es (routes non goudronn\u00e9es, chemins de terre, plages, etc.)<\/li><li>Dommages caus\u00e9s apr\u00e8s l&rsquo;heure de restitution convenue<\/li><li>Dommages aux r\u00e9troviseurs<\/li><li>Dommages ou perte de pneus, jantes, enjoliveurs<\/li><li>Dommages au soubassement du v\u00e9hicule<\/li><li>Dommages ou perte de l&rsquo;antenne<\/li><li>Dommages caus\u00e9s volontairement ou par imprudence par le locataire, par exemple (Crash de l&#8217;embrayage, crash des pneus, s&rsquo;asseoir ou se tenir debout sur le capot, le toit ou le coffre du v\u00e9hicule, etc.)<\/li><li>Si le locataire ne pr\u00e9vient pas notre agence et la police au moment de l&rsquo;accident<\/li><li>Perte d&rsquo;effets personnels<\/li><li>Perte, d\u00e9t\u00e9rioration ou vol des cl\u00e9s du v\u00e9hicule<\/li><li>Perte ou d\u00e9t\u00e9rioration des si\u00e8ges enfants, du cric, du triangle de s\u00e9curit\u00e9, de la roue de secours, du bouchon du r\u00e9servoir ou de tout autre accessoire<\/li><li>Vol total ou partiel, en cas de n\u00e9gligence du locataire (par exemple, oubli des cl\u00e9s du moteur, etc.)<\/li><li>Toute infraction au Code de la route grec peut entra\u00eener des amendes ou autres sanctions administratives.<\/li><\/ul><p><strong>Obligations \u2013 Autres conditions\u00a0:<\/strong><br \/>Le locataire doit surveiller le v\u00e9hicule en v\u00e9rifiant son \u00e9tat m\u00e9canique, l&rsquo;huile, l&rsquo;eau, etc. Il doit \u00e9galement v\u00e9rifier l&rsquo;\u00e9tat des pneus et la s\u00e9curit\u00e9 routi\u00e8re. Le locataire est responsable et tenu d&rsquo;indemniser l&rsquo;agence pour les dommages r\u00e9sultant d&rsquo;un manque d&rsquo;attention. Il est \u00e9galement tenu de garer et de verrouiller correctement le v\u00e9hicule dans un endroit appropri\u00e9 et s\u00fbr.<\/p><p><strong>Pendant la p\u00e9riode de location, le v\u00e9hicule ne doit pas \u00eatre utilis\u00e9\u00a0:<\/strong><\/p><ul><li>En violation des conditions de location<\/li><li>Pour transporter des passagers ou des marchandises moyennant paiement<\/li><li>Pour transporter un nombre de passagers sup\u00e9rieur \u00e0 celui autoris\u00e9<\/li><li>Pour transporter des objets lourds, des marchandises odorantes ou de la drogue<\/li><li>Pour remorquer une autre voiture ou une remorque<\/li><li>Pour participer \u00e0 tout type de course<\/li><li>Pour toute fin contraire \u00e0 la l\u00e9gislation grecque<\/li><li>En dehors de la Cr\u00e8te, avec l&rsquo;autorisation \u00e9crite de notre soci\u00e9t\u00e9.<\/li><\/ul><p><strong>Remplacement du v\u00e9hicule\u00a0:<\/strong><br \/>Si le v\u00e9hicule devient inutilisable, notre soci\u00e9t\u00e9 vous fournira un v\u00e9hicule de remplacement dans un d\u00e9lai raisonnable. Ce d\u00e9lai d\u00e9pend des disponibilit\u00e9s et du lieu de la panne. Si le v\u00e9hicule devient inutilisable en raison d&rsquo;une faute ou d&rsquo;une n\u00e9gligence du locataire, des frais suppl\u00e9mentaires seront factur\u00e9s pour couvrir le co\u00fbt du remplacement.<\/p><p><strong>Informations importantes\u00a0:<\/strong><br \/>Avant votre d\u00e9part, vous devez inspecter le v\u00e9hicule et signaler tout dommage au personnel (pour une meilleure assistance, il est conseill\u00e9 de prendre des photos ou des vid\u00e9os du v\u00e9hicule). Notre soci\u00e9t\u00e9 d\u00e9cline toute responsabilit\u00e9 en cas de perte ou de dommage d&rsquo;effets personnels. Elle se r\u00e9serve le droit d&rsquo;annuler le contrat de location sans cons\u00e9quence si le locataire est jug\u00e9 pr\u00e9judiciable aux int\u00e9r\u00eats de la soci\u00e9t\u00e9 ou enfreint le code de la route ou les conditions de location.<\/p>\t\t\t\t\t\t\t\t<\/div>\n\t\t\t\t<\/div>\n\t\t\t\t\t<\/div>\n\t\t<\/div>\n\t\t\t\t\t<\/div>\n\t\t<\/section>\n\t\t\t\t<\/div>\n\t\t","protected":false},"excerpt":{"rendered":"<p>Condition de location Conditions g\u00e9n\u00e9rales de location de voitures Heronia Consignes claires pour une location fluide Consultez les conditions g\u00e9n\u00e9rales de location de voitures aupr\u00e8s de notre agence. Nos tarifs incluent :\u00a0\u00a0 Assurance responsabilit\u00e9 civile (dommages corporels caus\u00e9s \u00e0 des tiers, dommages mat\u00e9riels caus\u00e9s \u00e0 des tiers, dommages mat\u00e9riels caus\u00e9s par un v\u00e9hicule non assur\u00e9) [&hellip;]<\/p>\n","protected":false},"author":1,"featured_media":0,"parent":0,"menu_order":0,"comment_status":"closed","ping_status":"closed","template":"","meta":{"site-sidebar-layout":"no-sidebar","site-content-layout":"","ast-site-content-layout":"full-width-container","site-content-style":"unboxed","site-sidebar-style":"unboxed","ast-global-header-display":"","ast-banner-title-visibility":"","ast-main-header-display":"","ast-hfb-above-header-display":"","ast-hfb-below-header-display":"","ast-hfb-mobile-header-display":"","site-post-title":"disabled","ast-breadcrumbs-content":"","ast-featured-img":"disabled","footer-sml-layout":"","theme-transparent-header-meta":"enabled","adv-header-id-meta":"","stick-header-meta":"default","header-above-stick-meta":"","header-main-stick-meta":"","header-below-stick-meta":"","astra-migrate-meta-layouts":"set","ast-page-background-enabled":"default","ast-page-background-meta":{"desktop":{"background-color":"","background-image":"","background-repeat":"repeat","background-position":"center center","background-size":"auto","background-attachment":"scroll","background-type":"","background-media":"","overlay-type":"","overlay-color":"","overlay-opacity":"","overlay-gradient":""},"tablet":{"background-color":"","background-image":"","background-repeat":"repeat","background-position":"center center","background-size":"auto","background-attachment":"scroll","background-type":"","background-media":"","overlay-type":"","overlay-color":"","overlay-opacity":"","overlay-gradient":""},"mobile":{"background-color":"","background-image":"","background-repeat":"repeat","background-position":"center center","background-size":"auto","background-attachment":"scroll","background-type":"","background-media":"","overlay-type":"","overlay-color":"","overlay-opacity":"","overlay-gradient":""}},"ast-content-background-meta":{"desktop":{"background-color":"var(--ast-global-color-5)","background-image":"","background-repeat":"repeat","background-position":"center center","background-size":"auto","background-attachment":"scroll","background-type":"","background-media":"","overlay-type":"","overlay-color":"","overlay-opacity":"","overlay-gradient":""},"tablet":{"background-color":"var(--ast-global-color-5)","background-image":"","background-repeat":"repeat","background-position":"center center","background-size":"auto","background-attachment":"scroll","background-type":"","background-media":"","overlay-type":"","overlay-color":"","overlay-opacity":"","overlay-gradient":""},"mobile":{"background-color":"var(--ast-global-color-5)","background-image":"","background-repeat":"repeat","background-position":"center center","background-size":"auto","background-attachment":"scroll","background-type":"","background-media":"","overlay-type":"","overlay-color":"","overlay-opacity":"","overlay-gradient":""}},"footnotes":""},"class_list":["post-45474","page","type-page","status-publish","hentry"],"_links":{"self":[{"href":"https:\/\/heroniacars.gr\/fr\/wp-json\/wp\/v2\/pages\/45474","targetHints":{"allow":["GET"]}}],"collection":[{"href":"https:\/\/heroniacars.gr\/fr\/wp-json\/wp\/v2\/pages"}],"about":[{"href":"https:\/\/heroniacars.gr\/fr\/wp-json\/wp\/v2\/types\/page"}],"author":[{"embeddable":true,"href":"https:\/\/heroniacars.gr\/fr\/wp-json\/wp\/v2\/users\/1"}],"replies":[{"embeddable":true,"href":"https:\/\/heroniacars.gr\/fr\/wp-json\/wp\/v2\/comments?post=45474"}],"version-history":[{"count":13,"href":"https:\/\/heroniacars.gr\/fr\/wp-json\/wp\/v2\/pages\/45474\/revisions"}],"predecessor-version":[{"id":45806,"href":"https:\/\/heroniacars.gr\/fr\/wp-json\/wp\/v2\/pages\/45474\/revisions\/45806"}],"wp:attachment":[{"href":"https:\/\/heroniacars.gr\/fr\/wp-json\/wp\/v2\/media?parent=45474"}],"curies":[{"name":"wp","href":"https:\/\/api.w.org\/{rel}","templated":true}]}}